{"id":11228,"date":"2024-05-27T12:43:56","date_gmt":"2024-05-27T10:43:56","guid":{"rendered":"https:\/\/www.clinicadentalurumea.com\/?page_id=11228"},"modified":"2024-05-27T15:29:49","modified_gmt":"2024-05-27T13:29:49","slug":"buruko-eta-lepoko-fisioterapia","status":"publish","type":"page","link":"https:\/\/www.clinicadentalurumea.com\/eu\/tratamenduak\/buruko-eta-lepoko-fisioterapia\/","title":{"rendered":"Buruko eta lepoko fisioterapia"},"content":{"rendered":"<div class='grid_row clearfix'><div class='grid_col grid_col_12'><div class=\"cols_wrapper \"><div class=\"widget_wrapper\"><div class='ce clearfix'>\n<p>\u00bfTe despiertas cada ma\u00f1ana con dolor en la mand\u00edbula? \u00bfTienes dolor de cabeza de forma habitual, v\u00e9rtigos o mareos? \u00bfSientes que rechinas o aprietas los dientes durante la noche o de d\u00eda? Si estos son s\u00edntomas habituales en tu d\u00eda a d\u00eda es posible que tengas alguna disfunci\u00f3n a nivel temporo-mandibular. El dolor en la zona de la boca, cara, cabeza y cuello es un problema que afecta a una parte significativa de la poblaci\u00f3n y puede estar asociado con diversos factores. En Cl\u00ednica Dental Urumea hemos puesto en marcha un nuevo servicio de Fisioterapia de la regi\u00f3n Cr\u00e1neo-c\u00e9rvico-mandibular para ofrecer un tratamiento integral para corregir, prevenir y tratar el malestar y dolor en la regi\u00f3n orofacial y articulaci\u00f3n temporo-mandibular.<\/p>\n<\/div><div class='ce clearfix'>\n<h2>Factores de riesgo Dolor Orofacial<\/h2>\n<p><span style=\"font-size: 16px;\">La fisioterapia no solo busca <\/span><strong style=\"font-size: 16px;\">corregir las disfunciones<\/strong><span style=\"font-size: 16px;\"> de esta zona, sino tambi\u00e9n <\/span><strong style=\"font-size: 16px;\">identificar las causas subyacentes del malestar<\/strong><span style=\"font-size: 16px;\"> para abordarlas de manera integral. Al abordar estos factores contribuyentes, la fisioterapia busca proporcionar un tratamiento completo y personalizado para <\/span><strong style=\"font-size: 16px;\">aliviar el malestar y promover la salud y el bienestar en la regi\u00f3n orofacial y la articulaci\u00f3n temporo-mandibular<\/strong><span style=\"font-size: 16px;\">.<\/span><\/p>\n<\/div><div class='ce clearfix'>\n<h3><strong>Factores contribuyen a este malestar:<\/strong><\/h3>\n<\/div><div class='ce clearfix'><div class='cws_ce_content ce_tabs vertical'><div class='tabs'><div class='tab active' role='tab' tabindex='0'><span>Estr\u00e9s, ansiedad o depresi\u00f3n<\/span><\/div><div class='tab' role='tab' tabindex='1'><span>Bruxismo<\/span><\/div><div class='tab' role='tab' tabindex='2'><span>Predisposici\u00f3n gen\u00e9tica<\/span><\/div><div class='tab' role='tab' tabindex='3'><span>Edad y sexo<\/span><\/div><div class='tab' role='tab' tabindex='4'><span>Comorbilidad del Dolor<\/span><\/div><div class='tab' role='tab' tabindex='5'><span>Factores ocupacionales<\/span><\/div><\/div><div class='tab_sections'><div class='tab_section' role='tabpanel' tabindex='0'>\n<p>El estr\u00e9s afecta a un gran porcentaje de la poblaci\u00f3n y puede desencadenar en desequilibrios fisiol\u00f3gicos que se manifiestan en la regi\u00f3n orofacial y la ATM. En particular, el estr\u00e9s puede inducir al rechinamiento o apretamiento de los dientes, lo que contribuye al desgaste dental y otros problemas en la articulaci\u00f3n.<\/p>\n<p><img loading=\"lazy\" decoding=\"async\" class=\"wp-image-11152 aligncenter\" src=\"https:\/\/www.clinicadentalurumea.com\/wp-content\/uploads\/2024\/05\/estres-500x500.jpg\" alt=\"\" width=\"299\" height=\"299\" srcset=\"https:\/\/www.clinicadentalurumea.com\/wp-content\/uploads\/2024\/05\/estres-500x500.jpg 500w, https:\/\/www.clinicadentalurumea.com\/wp-content\/uploads\/2024\/05\/estres-1024x1024.jpg 1024w, https:\/\/www.clinicadentalurumea.com\/wp-content\/uploads\/2024\/05\/estres-250x250.jpg 250w, https:\/\/www.clinicadentalurumea.com\/wp-content\/uploads\/2024\/05\/estres-1536x1536.jpg 1536w, https:\/\/www.clinicadentalurumea.com\/wp-content\/uploads\/2024\/05\/estres-2048x2048.jpg 2048w, https:\/\/www.clinicadentalurumea.com\/wp-content\/uploads\/2024\/05\/estres-600x600.jpg 600w\" sizes=\"auto, (max-width: 299px) 100vw, 299px\" \/><\/p>\n<\/div><div class='tab_section' role='tabpanel' tabindex='1' style='display:none;'>\n<p>Muchas personas rechinan, crujen o aprietan los dientes de manera inconsciente durante la noche o de d\u00eda, lo que puede generar tensi\u00f3n y rigidez en los m\u00fasculos mandibulares al despertar, adem\u00e1s de provocar o empeorar el desgaste de los dientes.<\/p>\n<p><img loading=\"lazy\" decoding=\"async\" class=\"wp-image-11154 aligncenter\" src=\"https:\/\/www.clinicadentalurumea.com\/wp-content\/uploads\/2024\/05\/bruxismo-500x500.jpg\" alt=\"\" width=\"294\" height=\"294\" srcset=\"https:\/\/www.clinicadentalurumea.com\/wp-content\/uploads\/2024\/05\/bruxismo-500x500.jpg 500w, https:\/\/www.clinicadentalurumea.com\/wp-content\/uploads\/2024\/05\/bruxismo-1024x1024.jpg 1024w, https:\/\/www.clinicadentalurumea.com\/wp-content\/uploads\/2024\/05\/bruxismo-250x250.jpg 250w, https:\/\/www.clinicadentalurumea.com\/wp-content\/uploads\/2024\/05\/bruxismo-1536x1536.jpg 1536w, https:\/\/www.clinicadentalurumea.com\/wp-content\/uploads\/2024\/05\/bruxismo-2048x2048.jpg 2048w, https:\/\/www.clinicadentalurumea.com\/wp-content\/uploads\/2024\/05\/bruxismo-600x600.jpg 600w\" sizes=\"auto, (max-width: 294px) 100vw, 294px\" \/><\/p>\n<\/div><div class='tab_section' role='tabpanel' tabindex='2' style='display:none;'>\n<p>Algunas personas pueden tener una predisposici\u00f3n gen\u00e9tica a desarrollar problemas en la ATM, lo que aumenta su susceptibilidad a experimentar malestar en esta zona.<\/p>\n<p><img loading=\"lazy\" decoding=\"async\" class=\"aligncenter wp-image-11174 \" src=\"https:\/\/www.clinicadentalurumea.com\/wp-content\/uploads\/2024\/05\/edad.jpg\" alt=\"\" width=\"321\" height=\"226\" srcset=\"https:\/\/www.clinicadentalurumea.com\/wp-content\/uploads\/2024\/05\/edad.jpg 1240w, https:\/\/www.clinicadentalurumea.com\/wp-content\/uploads\/2024\/05\/edad-768x541.jpg 768w\" sizes=\"auto, (max-width: 321px) 100vw, 321px\" \/><\/p>\n<\/div><div class='tab_section' role='tabpanel' tabindex='3' style='display:none;'>\n<p>El estudio OPPERA mostr\u00f3 un aumento de incidencia&nbsp; del trastorno temporo-mandibular con el aumento de la edad y en relaci\u00f3n al sexo expres\u00f3 una incidencia de 3,6 casos de TTM de cada 100 personas\/a\u00f1o en mujeres, mientras que en hombres expres\u00f3 una incidencia de 2,8 casos de TTM de cada 100 personas\/a\u00f1o.<\/p>\n<p><img loading=\"lazy\" decoding=\"async\" class=\"wp-image-11217 aligncenter\" src=\"https:\/\/www.clinicadentalurumea.com\/wp-content\/uploads\/2024\/05\/Diseno-sin-titulo-5-500x500.png\" alt=\"\" width=\"304\" height=\"304\" srcset=\"https:\/\/www.clinicadentalurumea.com\/wp-content\/uploads\/2024\/05\/Diseno-sin-titulo-5-500x500.png 500w, https:\/\/www.clinicadentalurumea.com\/wp-content\/uploads\/2024\/05\/Diseno-sin-titulo-5-1024x1024.png 1024w, https:\/\/www.clinicadentalurumea.com\/wp-content\/uploads\/2024\/05\/Diseno-sin-titulo-5-250x250.png 250w, https:\/\/www.clinicadentalurumea.com\/wp-content\/uploads\/2024\/05\/Diseno-sin-titulo-5-768x768.png 768w, https:\/\/www.clinicadentalurumea.com\/wp-content\/uploads\/2024\/05\/Diseno-sin-titulo-5-1536x1536.png 1536w, https:\/\/www.clinicadentalurumea.com\/wp-content\/uploads\/2024\/05\/Diseno-sin-titulo-5-2048x2048.png 2048w, https:\/\/www.clinicadentalurumea.com\/wp-content\/uploads\/2024\/05\/Diseno-sin-titulo-5-600x600.png 600w, https:\/\/www.clinicadentalurumea.com\/wp-content\/uploads\/2024\/05\/Diseno-sin-titulo-5.png 900w\" sizes=\"auto, (max-width: 304px) 100vw, 304px\" \/><\/p>\n<\/div><div class='tab_section' role='tabpanel' tabindex='4' style='display:none;'>\n<p>De los individuos que comunicaron dolor en el \u00e1rea temporo-mandibular, cercados 59% presentaban tambi\u00e9n s\u00edntomas de dolor cervicodorsal o en otras articulaciones. Es por ello que podemos decir que sufrir s\u00edntomas de dolor cervicodorsal, e incluso lumbar, es un factor de riesgo para padecer un TTM.<\/p>\n<\/div><div class='tab_section' role='tabpanel' tabindex='5' style='display:none;'>\n<p>La ocupaci\u00f3n que tiene una relaci\u00f3n mas clara con los TTM es la de m\u00fasico, m\u00e1s concretamente aquellos que se dedican a la especialidad de viento.&nbsp;<\/p>\n<p><img loading=\"lazy\" decoding=\"async\" class=\"wp-image-11248 aligncenter\" src=\"https:\/\/www.clinicadentalurumea.com\/wp-content\/uploads\/2024\/05\/Diseno-sin-titulo-6-500x500.jpg\" alt=\"\" width=\"300\" height=\"300\" srcset=\"https:\/\/www.clinicadentalurumea.com\/wp-content\/uploads\/2024\/05\/Diseno-sin-titulo-6-500x500.jpg 500w, https:\/\/www.clinicadentalurumea.com\/wp-content\/uploads\/2024\/05\/Diseno-sin-titulo-6-1024x1024.jpg 1024w, https:\/\/www.clinicadentalurumea.com\/wp-content\/uploads\/2024\/05\/Diseno-sin-titulo-6-250x250.jpg 250w, https:\/\/www.clinicadentalurumea.com\/wp-content\/uploads\/2024\/05\/Diseno-sin-titulo-6-768x768.jpg 768w, https:\/\/www.clinicadentalurumea.com\/wp-content\/uploads\/2024\/05\/Diseno-sin-titulo-6-1536x1536.jpg 1536w, https:\/\/www.clinicadentalurumea.com\/wp-content\/uploads\/2024\/05\/Diseno-sin-titulo-6-2048x2048.jpg 2048w, https:\/\/www.clinicadentalurumea.com\/wp-content\/uploads\/2024\/05\/Diseno-sin-titulo-6-600x600.jpg 600w, https:\/\/www.clinicadentalurumea.com\/wp-content\/uploads\/2024\/05\/Diseno-sin-titulo-6.jpg 900w\" sizes=\"auto, (max-width: 300px) 100vw, 300px\" \/><\/p>\n<\/div><\/div><\/div><\/div><\/div><\/div><\/div><\/div><div class='grid_row clearfix'><div class='grid_col grid_col_12'><div class=\"cols_wrapper \"><div class=\"widget_wrapper\"><div class='ce clearfix'>\n<p><strong>Ohiko galderak<\/strong><\/p>\n<p>Eskualde Kraneozerbikal-mandibularraren fisioterapia tratamenduari buruzko zure kezkei erantzuten diegu.<\/p>\n<\/div><div class='ce clearfix'><div class='cws_ce_content ce_accordion third_style'><div class='accordion_section'><div class='accordion_title'><i class='accordion_icon'><\/i><span>Nola lagun dezake fisioterapia tratamenduak?<\/span><\/div><div class='accordion_content' style='display:none;'>\n<p>Aurpegiko minaren fisioterapia tratamenduak hainbat onura eskain diezazkioke arlo honetan ondoeza jasaten dutenei, hala nola:<\/p>\n<ul>\n<li><strong>Mina arintzea:<\/strong> Fisioterapiak artikulazio tenporomandibularren mina murrizten lagun dezake, baita zerbikal eta aho-aurpegiko mina ere, muskulu-tentsioa murriztuz eta egitura guztiei oreka emanez.<\/li>\n<li><strong>Artikulazio-funtzioa hobetu:<\/strong> Fisioterapiak artikulazio tenporomandibularren (TMJ) eta erlazionatutako beste egituren funtzioa hobetzen lagun dezake. Horrek zure ahoa behar bezala ireki eta ixteko gaitasuna berreskuratzen lagun dezake, baita minik edo mugarik gabe murtxikatzen eta hitz egiten ere.<\/li>\n<li><strong>Postura zuzentzea:<\/strong> terapia fisikoak giharretako desorekak eta aurpegiko mina eragiten duten jarrera txarrari aurre egin diezaieke.<\/li>\n<li><strong>Etorkizuneko lesioen prebentzioa<\/strong><\/li>\n<\/ul>\n<p>Laburbilduz, esfera kraniozerbikal-mandibularraren tratamendu fisikoak bizi-kalitate hobean lagun dezake aho-aurpegiko eskualdean ondoeza jasaten dutenentzat.<\/p>\n<\/div><\/div><div class='accordion_section'><div class='accordion_title'><i class='accordion_icon'><\/i><span>Nola diagnostikatzen da aho-aurpegiko eskualdeko lesio edo disfuntzio bat?<\/span><\/div><div class='accordion_content' style='display:none;'>\n<p>Aho-aurpegi eskualdeko lesio edo desoreka baten diagnostikoa diziplina anitzeko ikuspegia da, eta Urumea Hortz Klinikan urrats hauek jarraitzen ditu:<\/p>\n<ul>\n<li><strong>Historia medikoa:<\/strong> lehen urratsa pazientearen sintomei, historia mediko eta hortzei buruzko informazio zehatza biltzea da, baita aho-aurpegiko eskualdeko lesioen abiarazle edo aurrekariei buruz ere. Horrek minaren izaerari eta kokapenari, sintomen maiztasunari eta arazoari eragin diezaiokeen edozein jarduera edo ohiturari buruzko galderak izan ditzake, hala nola bruxismoa edo estresa.<\/li>\n<li><strong>Azterketa fisikoa:<\/strong> Azterketa fisikoan zehar, osasun-profesionalak azterketa bat egingo du bai giltzadura tenporomandibularra (TMJ), bai muskulu mastekatzaileak, eskualde suprahioidea eta infrahioidea eta zerbikalak ere. Postuaren garrantzia kontuan hartuta.<\/li>\n<li><strong>Proba osagarriak:<\/strong> kasu batzuetan, azterketa osagarriak beharrezkoak izan daitezke diagnostikoa berresteko edo lesioaren larritasuna ebaluatzeko. Honek X izpi sinpleak, 3D eskaneatzea edo X izpi panoramikoak izan ditzake egitura anatomikoak xehetasun handiagoz ikusteko eta TMJn egon daitezkeen anomaliak edo lesioak detektatzeko.<\/li>\n<li><strong>Diziplinarteko lankidetza:<\/strong> Aho-aurpegiko eskualdeko arazoek kausa eta agerpen anitz izan ditzaketenez, ohikoa da osasun-profesionalak taldean lan egitea pazientea modu integralean ebaluatu eta tratatzeko. Honek dentista, fisioterapeuta, ortodontista, aurpegi-masaileko zirujau, neurologo eta beste espezialisten arteko lankidetza izan dezake, behar izanez gero.<\/li>\n<li><strong>Diagnostiko zehatza:<\/strong> Diagnostiko zehatz batek paziente bakoitzarentzat tratamendu egokia eta pertsonalizatua bermatzen du.<\/li>\n<\/ul>\n<p>Laburbilduz, aho-aurpegi eskualdeko lesio edo desoreka baten diagnostikoak sintomen ebaluazio osoa, azterketa fisiko zehatza, proba osagarriak beharrezkoak direnean eta osasun espezialista ezberdinen arteko diziplinarteko lankidetza dakar. Horri esker, arazoaren oinarrian dagoen kausa identifikatu eta tratamendu-plan eraginkor bat garatzen da pazientearen osasuna eta ongizatea hobetzeko.<\/p>\n<\/div><\/div><div class='accordion_section'><div class='accordion_title'><i class='accordion_icon'><\/i><span>Norentzat gomendatzen da eskualde kraneozerbikal-mandibularreko fisioterapia?<\/span><\/div><div class='accordion_content' style='display:none;'>\n<p>Buruko eta lepoko fisioterapia, TMJ (Temporomandibularreko nahasmena) fisioterapia izenez ere ezaguna, arlo honetan ondoeza edo mina jasaten duten jende askorentzat gomendatzen da. Batez ere onuragarria izan daiteke kasu hauetan:<\/p>\n<ul>\n<li><strong>Nahasmendu tenporomandibularra (ATM) duten pertsonak<\/strong>: mina, mugimenduaren muga, masailezurrean klik egitea edo blokeatzea dutenak.<\/li>\n<li><strong>Bruxismoa duten pazienteak<\/strong>: nahi gabe estutzeak edo hortzak estutzeak gihar-tentsioa, aurpegiko mina eta hortzen higadura eragin ditzake.<\/li>\n<li><strong>Aurpegiko min kronikoa duten pertsonak<\/strong>: Buruko, masailezurreko eta lepoko eskualdean min iraunkorra jasaten dutenak, arazo muskuloeskeletikoekin edo tentsio kronikoekin zerikusia izan dezaketena.<\/li>\n<li><strong>Tentsioko buruko minak dituzten pazienteak<\/strong>: Buruko eta lepoko fisioterapia tentsioko buruko minak tratatzeko ikuspegi integral baten parte izan daiteke, izan ere, giharretako tentsioa murrizten, jarrera hobetzen eta nahaste horiei lotutako sintomak arintzen lagun dezake.<\/li>\n<li><strong>Lesio traumatikoak dituzten pazienteak<\/strong>: Buruan, lepoan edo masailezurrean lesio traumatikoak jasan dituztenek, hala nola auto-istripua edo erorketa bat, fisioterapia onuragarria izan daiteke funtzioa berreskuratzeko eta lesioarekin lotutako mina murrizteko.<\/li>\n<\/ul>\n<p>Laburbilduz, buru eta lepoko terapia fisikoa gomendatzen da arlo honetan ondoeza, mina edo disfuntzioa jasaten duen edonorentzat, azpiko kausa edozein dela ere.<\/p>\n<\/div><\/div><div class='accordion_section'><div class='accordion_title'><i class='accordion_icon'><\/i><span>Zenbat saio beharko dira nire mina arintzeko?<\/span><\/div><div class='accordion_content' style='display:none;'>\n<p>Zaila da aho-aurpegiko eskualdean mina arintzeko beharrezkoak diren saio kopuru zehatza zehaztea, kasu bakoitza bakarra baita eta ikuspegi indibidualizatua behar baitu. Saio kopurua hainbat faktoreren araberakoa izango da, besteak beste, minaren larritasuna, azpiko kausa, pazienteak tratamenduari emandako erantzuna eta beste faktore mediko batzuk.<\/p>\n<p>Urumea Hortz klinikako dentista eta fisioterapeuten taldeak paziente bakoitzaren ebaluazio sakona egiten du tratamendu plan onena zehazteko.<\/p>\n<p>Beharrezko saio kopurua aldatu egingo da pazienteak tratamenduari ematen dion erantzun indibidualaren arabera. Paziente batzuek saio gutxi batzuen ondoren onura izan dezakete, eta beste batzuek, berriz, tratamendu luzeagoa behar dute emaitza optimoak lortzeko. Garrantzitsua da tratamendu-taldearen gomendioak jarraitzea eta programatutako saio guztietara joatea tratamenduaren onurak maximizatzeko eta berreskurapen osoa eta iraunkorra sustatzeko.<\/p>\n<\/div><\/div><div class='accordion_section'><div class='accordion_title'><i class='accordion_icon'><\/i><span>Zertan datza fisioterapia tratamendu bat?<\/span><\/div><div class='accordion_content' style='display:none;'>\n<p>Eskualde kraneozerbikal-mandibularrean tratamendua giltzadura tenporomandibular eta inguratzen duten muskulu guztien ebaluazio zehatzean datza. Diagnostikoa ezarrita, fisioterapeutak saio bateko edo hainbateko tratamendu-plana ezartzen du, kasu bakoitzaren arabera.<\/p>\n<\/div><\/div><div class='accordion_section'><div class='accordion_title'><i class='accordion_icon'><\/i><span>Buruko eta lepoko fisioterapia behar al dut ortodontzia tratamendua egingo badut?<\/span><\/div><div class='accordion_content' style='display:none;'>\n<p>Baliteke buruko eta lepoko terapia fisikoa behar izatea ortodontzia tratamenduaren aurretik, bitartean edo ondoren, zure behar zehatzen eta zure gorputzak tratamenduari nola erantzuten dion arabera. Ortodontziak masailezurren posizioan eragin dezake, eta horrek muskulu-tentsioan eta buruaren eta lepoaren lerrokaduran eragin dezake.<\/p>\n<p>Pertsona batzuek ondoeza edo muskulu-tentsioa izaten dute buruan eta lepoan ortodontziaren ondorioz, batez ere tratamenduaren hasieran. Kasu horietan, fisioterapia ondoeza arintzen eta mugikortasuna eta erosotasuna hobetzen lagun dezake.<\/p>\n<p>Ortodontistak zure egoera ebaluatuko du eta tratamendu egokia gomendatuko du.<\/p>\n<\/div><\/div><\/div><\/div><\/div><\/div><\/div><\/div>\n","protected":false},"excerpt":{"rendered":"","protected":false},"author":6,"featured_media":0,"parent":8428,"menu_order":0,"comment_status":"closed","ping_status":"closed","template":"","meta":{"inline_featured_image":false,"_monsterinsights_skip_tracking":false,"_monsterinsights_sitenote_active":false,"_monsterinsights_sitenote_note":"","_monsterinsights_sitenote_category":0,"two_page_speed":[],"footnotes":""},"class_list":["post-11228","page","type-page","status-publish","hentry"],"yoast_head":"<!-- This site is optimized with the Yoast SEO plugin v26.7 - https:\/\/yoast.com\/wordpress\/plugins\/seo\/ -->\n<title>Buruko eta lepoko fisioterapia - Clinica Dental Urumea<\/title>\n<meta name=\"robots\" content=\"index, follow, max-snippet:-1, max-image-preview:large, max-video-preview:-1\" \/>\n<link rel=\"canonical\" href=\"https:\/\/www.clinicadentalurumea.com\/eu\/tratamenduak\/buruko-eta-lepoko-fisioterapia\/\" \/>\n<meta property=\"og:locale\" content=\"en_US\" \/>\n<meta property=\"og:type\" content=\"article\" \/>\n<meta property=\"og:title\" content=\"Buruko eta lepoko fisioterapia - Clinica Dental Urumea\" \/>\n<meta property=\"og:url\" content=\"https:\/\/www.clinicadentalurumea.com\/eu\/tratamenduak\/buruko-eta-lepoko-fisioterapia\/\" \/>\n<meta property=\"og:site_name\" content=\"Clinica Dental Urumea\" \/>\n<meta property=\"article:modified_time\" content=\"2024-05-27T13:29:49+00:00\" \/>\n<meta property=\"og:image\" content=\"https:\/\/www.clinicadentalurumea.com\/wp-content\/uploads\/2024\/05\/estres-500x500.jpg\" \/>\n<meta name=\"twitter:card\" content=\"summary_large_image\" \/>\n<meta name=\"twitter:label1\" content=\"Est. reading time\" \/>\n\t<meta name=\"twitter:data1\" content=\"7 minutua\" \/>\n<script type=\"application\/ld+json\" class=\"yoast-schema-graph\">{\"@context\":\"https:\/\/schema.org\",\"@graph\":[{\"@type\":\"WebPage\",\"@id\":\"https:\/\/www.clinicadentalurumea.com\/eu\/tratamenduak\/buruko-eta-lepoko-fisioterapia\/\",\"url\":\"https:\/\/www.clinicadentalurumea.com\/eu\/tratamenduak\/buruko-eta-lepoko-fisioterapia\/\",\"name\":\"Buruko eta lepoko fisioterapia - Clinica Dental Urumea\",\"isPartOf\":{\"@id\":\"https:\/\/www.clinicadentalurumea.com\/#website\"},\"primaryImageOfPage\":{\"@id\":\"https:\/\/www.clinicadentalurumea.com\/eu\/tratamenduak\/buruko-eta-lepoko-fisioterapia\/#primaryimage\"},\"image\":{\"@id\":\"https:\/\/www.clinicadentalurumea.com\/eu\/tratamenduak\/buruko-eta-lepoko-fisioterapia\/#primaryimage\"},\"thumbnailUrl\":\"https:\/\/www.clinicadentalurumea.com\/wp-content\/uploads\/2024\/05\/estres-500x500.jpg\",\"datePublished\":\"2024-05-27T10:43:56+00:00\",\"dateModified\":\"2024-05-27T13:29:49+00:00\",\"breadcrumb\":{\"@id\":\"https:\/\/www.clinicadentalurumea.com\/eu\/tratamenduak\/buruko-eta-lepoko-fisioterapia\/#breadcrumb\"},\"inLanguage\":\"eu\",\"potentialAction\":[{\"@type\":\"ReadAction\",\"target\":[\"https:\/\/www.clinicadentalurumea.com\/eu\/tratamenduak\/buruko-eta-lepoko-fisioterapia\/\"]}]},{\"@type\":\"ImageObject\",\"inLanguage\":\"eu\",\"@id\":\"https:\/\/www.clinicadentalurumea.com\/eu\/tratamenduak\/buruko-eta-lepoko-fisioterapia\/#primaryimage\",\"url\":\"https:\/\/www.clinicadentalurumea.com\/wp-content\/uploads\/2024\/05\/estres-500x500.jpg\",\"contentUrl\":\"https:\/\/www.clinicadentalurumea.com\/wp-content\/uploads\/2024\/05\/estres-500x500.jpg\"},{\"@type\":\"BreadcrumbList\",\"@id\":\"https:\/\/www.clinicadentalurumea.com\/eu\/tratamenduak\/buruko-eta-lepoko-fisioterapia\/#breadcrumb\",\"itemListElement\":[{\"@type\":\"ListItem\",\"position\":1,\"name\":\"Portada\",\"item\":\"https:\/\/www.clinicadentalurumea.com\/\"},{\"@type\":\"ListItem\",\"position\":2,\"name\":\"Tratamenduak\",\"item\":\"https:\/\/www.clinicadentalurumea.com\/tratamientos\/\"},{\"@type\":\"ListItem\",\"position\":3,\"name\":\"Buruko eta lepoko fisioterapia\"}]},{\"@type\":\"WebSite\",\"@id\":\"https:\/\/www.clinicadentalurumea.com\/#website\",\"url\":\"https:\/\/www.clinicadentalurumea.com\/\",\"name\":\"Clinica Dental Urumea\",\"description\":\"Tu dentista en Donostia - San Sebasti\u00e1n\",\"potentialAction\":[{\"@type\":\"SearchAction\",\"target\":{\"@type\":\"EntryPoint\",\"urlTemplate\":\"https:\/\/www.clinicadentalurumea.com\/?s={search_term_string}\"},\"query-input\":{\"@type\":\"PropertyValueSpecification\",\"valueRequired\":true,\"valueName\":\"search_term_string\"}}],\"inLanguage\":\"eu\"}]}<\/script>\n<!-- \/ Yoast SEO plugin. -->","yoast_head_json":{"title":"Buruko eta lepoko fisioterapia - Clinica Dental Urumea","robots":{"index":"index","follow":"follow","max-snippet":"max-snippet:-1","max-image-preview":"max-image-preview:large","max-video-preview":"max-video-preview:-1"},"canonical":"https:\/\/www.clinicadentalurumea.com\/eu\/tratamenduak\/buruko-eta-lepoko-fisioterapia\/","og_locale":"en_US","og_type":"article","og_title":"Buruko eta lepoko fisioterapia - Clinica Dental Urumea","og_url":"https:\/\/www.clinicadentalurumea.com\/eu\/tratamenduak\/buruko-eta-lepoko-fisioterapia\/","og_site_name":"Clinica Dental Urumea","article_modified_time":"2024-05-27T13:29:49+00:00","og_image":[{"url":"https:\/\/www.clinicadentalurumea.com\/wp-content\/uploads\/2024\/05\/estres-500x500.jpg","type":"","width":"","height":""}],"twitter_card":"summary_large_image","twitter_misc":{"Est. reading time":"7 minutua"},"schema":{"@context":"https:\/\/schema.org","@graph":[{"@type":"WebPage","@id":"https:\/\/www.clinicadentalurumea.com\/eu\/tratamenduak\/buruko-eta-lepoko-fisioterapia\/","url":"https:\/\/www.clinicadentalurumea.com\/eu\/tratamenduak\/buruko-eta-lepoko-fisioterapia\/","name":"Buruko eta lepoko fisioterapia - Clinica Dental Urumea","isPartOf":{"@id":"https:\/\/www.clinicadentalurumea.com\/#website"},"primaryImageOfPage":{"@id":"https:\/\/www.clinicadentalurumea.com\/eu\/tratamenduak\/buruko-eta-lepoko-fisioterapia\/#primaryimage"},"image":{"@id":"https:\/\/www.clinicadentalurumea.com\/eu\/tratamenduak\/buruko-eta-lepoko-fisioterapia\/#primaryimage"},"thumbnailUrl":"https:\/\/www.clinicadentalurumea.com\/wp-content\/uploads\/2024\/05\/estres-500x500.jpg","datePublished":"2024-05-27T10:43:56+00:00","dateModified":"2024-05-27T13:29:49+00:00","breadcrumb":{"@id":"https:\/\/www.clinicadentalurumea.com\/eu\/tratamenduak\/buruko-eta-lepoko-fisioterapia\/#breadcrumb"},"inLanguage":"eu","potentialAction":[{"@type":"ReadAction","target":["https:\/\/www.clinicadentalurumea.com\/eu\/tratamenduak\/buruko-eta-lepoko-fisioterapia\/"]}]},{"@type":"ImageObject","inLanguage":"eu","@id":"https:\/\/www.clinicadentalurumea.com\/eu\/tratamenduak\/buruko-eta-lepoko-fisioterapia\/#primaryimage","url":"https:\/\/www.clinicadentalurumea.com\/wp-content\/uploads\/2024\/05\/estres-500x500.jpg","contentUrl":"https:\/\/www.clinicadentalurumea.com\/wp-content\/uploads\/2024\/05\/estres-500x500.jpg"},{"@type":"BreadcrumbList","@id":"https:\/\/www.clinicadentalurumea.com\/eu\/tratamenduak\/buruko-eta-lepoko-fisioterapia\/#breadcrumb","itemListElement":[{"@type":"ListItem","position":1,"name":"Portada","item":"https:\/\/www.clinicadentalurumea.com\/"},{"@type":"ListItem","position":2,"name":"Tratamenduak","item":"https:\/\/www.clinicadentalurumea.com\/tratamientos\/"},{"@type":"ListItem","position":3,"name":"Buruko eta lepoko fisioterapia"}]},{"@type":"WebSite","@id":"https:\/\/www.clinicadentalurumea.com\/#website","url":"https:\/\/www.clinicadentalurumea.com\/","name":"Clinica Dental Urumea","description":"Tu dentista en Donostia - San Sebasti\u00e1n","potentialAction":[{"@type":"SearchAction","target":{"@type":"EntryPoint","urlTemplate":"https:\/\/www.clinicadentalurumea.com\/?s={search_term_string}"},"query-input":{"@type":"PropertyValueSpecification","valueRequired":true,"valueName":"search_term_string"}}],"inLanguage":"eu"}]}},"_links":{"self":[{"href":"https:\/\/www.clinicadentalurumea.com\/eu\/wp-json\/wp\/v2\/pages\/11228","targetHints":{"allow":["GET"]}}],"collection":[{"href":"https:\/\/www.clinicadentalurumea.com\/eu\/wp-json\/wp\/v2\/pages"}],"about":[{"href":"https:\/\/www.clinicadentalurumea.com\/eu\/wp-json\/wp\/v2\/types\/page"}],"author":[{"embeddable":true,"href":"https:\/\/www.clinicadentalurumea.com\/eu\/wp-json\/wp\/v2\/users\/6"}],"replies":[{"embeddable":true,"href":"https:\/\/www.clinicadentalurumea.com\/eu\/wp-json\/wp\/v2\/comments?post=11228"}],"version-history":[{"count":24,"href":"https:\/\/www.clinicadentalurumea.com\/eu\/wp-json\/wp\/v2\/pages\/11228\/revisions"}],"predecessor-version":[{"id":11255,"href":"https:\/\/www.clinicadentalurumea.com\/eu\/wp-json\/wp\/v2\/pages\/11228\/revisions\/11255"}],"up":[{"embeddable":true,"href":"https:\/\/www.clinicadentalurumea.com\/eu\/wp-json\/wp\/v2\/pages\/8428"}],"wp:attachment":[{"href":"https:\/\/www.clinicadentalurumea.com\/eu\/wp-json\/wp\/v2\/media?parent=11228"}],"curies":[{"name":"wp","href":"https:\/\/api.w.org\/{rel}","templated":true}]}}